{"id":2,"date":"2021-12-16T13:39:35","date_gmt":"2021-12-16T13:39:35","guid":{"rendered":"https:\/\/flamboyant-khayyam.82-223-100-96.plesk.page\/?page_id=2"},"modified":"2025-09-13T16:26:19","modified_gmt":"2025-09-13T16:26:19","slug":"todo-el-mundo-tiene-una-historia","status":"publish","type":"page","link":"http:\/\/dramongarcia.com\/index.php\/todo-el-mundo-tiene-una-historia\/","title":{"rendered":"Siempre hay una historia"},"content":{"rendered":"[vc_row type=\u00bbin_container\u00bb full_screen_row_position=\u00bbmiddle\u00bb column_margin=\u00bbdefault\u00bb column_direction=\u00bbdefault\u00bb column_direction_tablet=\u00bbdefault\u00bb column_direction_phone=\u00bbdefault\u00bb scene_position=\u00bbcenter\u00bb text_color=\u00bbdark\u00bb text_align=\u00bbleft\u00bb row_border_radius=\u00bbnone\u00bb row_border_radius_applies=\u00bbbg\u00bb overlay_strength=\u00bb0.3&#8243; gradient_direction=\u00bbleft_to_right\u00bb shape_divider_position=\u00bbbottom\u00bb bg_image_animation=\u00bbnone\u00bb][vc_column column_padding=\u00bbno-extra-padding\u00bb column_padding_tablet=\u00bbinherit\u00bb column_padding_phone=\u00bbinherit\u00bb column_padding_position=\u00bball\u00bb column_element_spacing=\u00bbdefault\u00bb background_color_opacity=\u00bb1&#8243; background_hover_color_opacity=\u00bb1&#8243; column_shadow=\u00bbnone\u00bb column_border_radius=\u00bbnone\u00bb column_link_target=\u00bb_self\u00bb gradient_direction=\u00bbleft_to_right\u00bb overlay_strength=\u00bb0.3&#8243; width=\u00bb1\/6&#8243; tablet_width_inherit=\u00bbdefault\u00bb tablet_text_alignment=\u00bbdefault\u00bb phone_text_alignment=\u00bbdefault\u00bb bg_image_animation=\u00bbnone\u00bb border_type=\u00bbsimple\u00bb column_border_width=\u00bbnone\u00bb column_border_style=\u00bbsolid\u00bb][vc_column_text][\/vc_column_text][\/vc_column][vc_column column_padding=\u00bbno-extra-padding\u00bb column_padding_tablet=\u00bbinherit\u00bb column_padding_phone=\u00bbinherit\u00bb column_padding_position=\u00bball\u00bb column_element_spacing=\u00bbdefault\u00bb background_color_opacity=\u00bb1&#8243; background_hover_color_opacity=\u00bb1&#8243; column_shadow=\u00bbnone\u00bb column_border_radius=\u00bbnone\u00bb column_link_target=\u00bb_self\u00bb gradient_direction=\u00bbleft_to_right\u00bb overlay_strength=\u00bb0.3&#8243; width=\u00bb2\/3&#8243; tablet_width_inherit=\u00bbdefault\u00bb tablet_text_alignment=\u00bbdefault\u00bb phone_text_alignment=\u00bbdefault\u00bb bg_image_animation=\u00bbnone\u00bb border_type=\u00bbsimple\u00bb column_border_width=\u00bbnone\u00bb column_border_style=\u00bbsolid\u00bb][vc_column_text]\n<h2>Siempre hay una historia&#8230;<\/h2>\n<p>Crec\u00ed como Juan Diego, me llaman Juancho, vivo en Le\u00f3n, y <strong>Dram\u00f3n Garc\u00eda<\/strong> es mi proyecto musical en solitario desde 2.022.<\/p>\n<p>De chaval fracas\u00e9 estrepitosamente en el conservatorio, a los 17 retom\u00e9 el contacto con la m\u00fasica, y con la Sant\u00edsima Trinidad del Metal por aquella \u00e9poca (Academy+Gorilla+Metal Zone) aprend\u00ed a a tocar tablaturas de Metallica, Joe Satriani y hasta Malmsteen. Eran tiempos en los que ser<em> jevi<\/em> estaba tan mal visto como ahora, pero era m\u00e1s divertido.<\/p>\n<p>Al poco me junt\u00e9 con unos tipos m\u00e1s bien raros que quer\u00edan hacer trash a lo <em>Napalm Death<\/em>. Yo quer\u00eda hacer punk rollo <em>La Polla Records<\/em>. Hab\u00eda nacido \u00ab<strong><em>Hachazo<\/em><\/strong>\u00ab.<\/p>\n<p>Hicimos el <strong>punki<\/strong> por okupas y garitos durante m\u00e1s de diez a\u00f1os y en las m\u00e1s altas cotas de la mediocridad decidimos mandarlo todo a tomar por el culo porque no nos aguant\u00e1bamos.<\/p>\n<p>(En los 2020 hicimos unos conciertos de reuni\u00f3n, pero esto es otra historia).<\/p>\n<p>&nbsp;<\/p>\n<p style=\"text-align: center;\"><iframe loading=\"lazy\" src=\"https:\/\/open.spotify.com\/embed\/playlist\/3uO68APzkr40wKmEIeS1kz?utm_source=generator\" width=\"100%\" height=\"80\" frameborder=\"0\" allowfullscreen=\"allowfullscreen\"><span data-mce-type=\"bookmark\" style=\"display: inline-block; width: 0px; overflow: hidden; line-height: 0;\" class=\"mce_SELRES_start\">\ufeff<\/span><\/iframe><\/p>\n<h2>&#8230;aunque sea una puta mierda<\/h2>\n<p>Entrado en la treintena mont\u00e9 el grupo de pop\/rock\/mo\u00f1as \u00ab<em>Verano Tassotti<\/em>\u00ab. Nos pudieron las \u00ednfulas, y aunque sacamos un pu\u00f1ado de buenas canciones, como dicen en tu tierra <strong>no nos comimos un cagao<\/strong>. Despu\u00e9s de cinco a\u00f1os de gastar tiempo y dinero, ensayar mucho y dar unos cuantos conciertos en diferentes formatos cosechando fracaso tras fracaso, bajamos la trapa justo cuando hab\u00edamos grabado nuestro primer gran duraci\u00f3n, \u00ab<em>Tassotti<\/em>\u00ab, que no tuvo la m\u00e1s m\u00ednima promoci\u00f3n por nuestra parte y muere en Spotify sin que nadie lo conozca.<\/p>\n<p>&nbsp;<\/p>\n<p style=\"text-align: center;\"><iframe loading=\"lazy\" src=\"https:\/\/open.spotify.com\/embed\/playlist\/7m3wjYJ9BuLxwGbPrCSrOy\" width=\"100%\" height=\"80\" frameborder=\"0\" allowfullscreen=\"allowfullscreen\"><\/iframe><\/p>\n<p>&nbsp;<\/p>\n<h2>La crisis de los treintaytantos<\/h2>\n<p>Con cero presi\u00f3n mont\u00e9 \u00ab<em>Batalla<\/em>\u00bb con Juanjo Tassotti\u00a0 como extensi\u00f3n de \u00ab<em>Verano Tassotti<\/em>\u00ab, pero asalvajando los t\u00e9rminos.<\/p>\n<p>\u00ab<em>Batalla<\/em>\u00bb era punk rock b\u00e1sico, adornado con un poco de electr\u00f3nica y con escaso trabajo: qued\u00e1bamos para ensayar de pascuas a ramos, sac\u00e1bamos canciones simples que nunca arregl\u00e1bamos y <strong>toc\u00e1bamos dos veces al a\u00f1o<\/strong>. Que el hito del grupo sea una <strong>borrachera<\/strong> en Aguilar de Campo\u00f3 (de la que no me acuerdo) y una <strong>noche de setas<\/strong> (o dos) en Lugo en la que marchamos de un after porque un enano amenazaba con zurrarnos da idea de c\u00f3mo estaba el percal.<\/p>\n<p>&nbsp;<\/p>\n<p style=\"text-align: center;\"><iframe loading=\"lazy\" src=\"https:\/\/open.spotify.com\/embed\/playlist\/3QUCjdvtXPoO4LpcLgcPH9\" width=\"100%\" height=\"80\" frameborder=\"0\" allowfullscreen=\"allowfullscreen\"><\/iframe><\/p>\n<h2>Zurr\u00e1ndole al electro<\/h2>\n<p>En los a\u00f1os de Batalla fui interes\u00e1ndome cada vez m\u00e1s por la electr\u00f3nica y la producci\u00f3n musical, fruto de lo que surgi\u00f3 mi proyecto unipersonal de m\u00fasica electr\u00f3nica instrumental \u00ab<em>Forman Noster<\/em>\u00ab. Es un proyecto sin m\u00e1s pretensi\u00f3n que experimentar, y de momento nunca lo he llevado al directo ni a ning\u00fan DJ set.<\/p>\n<p>&nbsp;<\/p>\n<p style=\"text-align: center;\"><iframe loading=\"lazy\" src=\"https:\/\/open.spotify.com\/embed\/playlist\/7q5Qsm8fVGznKjeM2hOt2T\" width=\"100%\" height=\"80\" frameborder=\"0\" allowfullscreen=\"allowfullscreen\"><\/iframe><\/p>\n<h2>Dram\u00f3n vive<\/h2>\n<p>A finales de 2021 \u00ab<em>Batalla<\/em>\u00bb muere definitivamente, y esto me dio el empuje definitivo para continuar por mi cuenta, esta vez con un proyecto personal, convierti\u00e9ndome en personaje: <strong>Dram\u00f3n Garc\u00eda<\/strong>.<\/p>\n<p><em>Dram\u00f3n Garc\u00eda<\/em> es un batiburrillo de m\u00fasica influenciado por todo lo que me gusta, con unas letras a partes iguales entre la tristeza existencialista, la reflexi\u00f3n profunda sobre la rutina cotidiana y la broma tonta.<\/p>\n<p>En 2.022 publiqu\u00e9 5 <em>sencillos<\/em> y en 2.025 publico mi primer \u00e1lbum completo, \u00ab<strong>Nunca se acaba esta mierda<\/strong>\u00bb con 12 temas nuevos no lanzados anteriormente. Sale en formato vinilo + CD en una tirada limitada, y en el doy rienda suelta a mi forma de ver la m\u00fasica hoy en d\u00eda.<\/p>\n<p>&nbsp;<\/p>\n<p style=\"text-align: center;\"><iframe loading=\"lazy\" style=\"border-radius: 12px;\" src=\"https:\/\/open.spotify.com\/embed\/artist\/4z3Hat0pK4tG8slHjgR47m?utm_source=generator\" width=\"100%\" height=\"352\" frameborder=\"0\" allowfullscreen=\"allowfullscreen\" data-testid=\"embed-iframe\"><\/iframe><\/p>\n<p>&nbsp;[\/vc_column_text][\/vc_column][vc_column column_padding=\u00bbno-extra-padding\u00bb column_padding_tablet=\u00bbinherit\u00bb column_padding_phone=\u00bbinherit\u00bb column_padding_position=\u00bball\u00bb column_element_spacing=\u00bbdefault\u00bb background_color_opacity=\u00bb1&#8243; background_hover_color_opacity=\u00bb1&#8243; column_shadow=\u00bbnone\u00bb column_border_radius=\u00bbnone\u00bb column_link_target=\u00bb_self\u00bb gradient_direction=\u00bbleft_to_right\u00bb overlay_strength=\u00bb0.3&#8243; width=\u00bb1\/6&#8243; tablet_width_inherit=\u00bbdefault\u00bb tablet_text_alignment=\u00bbdefault\u00bb phone_text_alignment=\u00bbdefault\u00bb bg_image_animation=\u00bbnone\u00bb border_type=\u00bbsimple\u00bb column_border_width=\u00bbnone\u00bb column_border_style=\u00bbsolid\u00bb][\/vc_column][\/vc_row]\n","protected":false},"excerpt":{"rendered":"<p>[vc_row type=\u00bbin_container\u00bb full_screen_row_position=\u00bbmiddle\u00bb column_margin=\u00bbdefault\u00bb column_direction=\u00bbdefault\u00bb column_direction_tablet=\u00bbdefault\u00bb column_direction_phone=\u00bbdefault\u00bb scene_position=\u00bbcenter\u00bb text_color=\u00bbdark\u00bb text_align=\u00bbleft\u00bb row_border_radius=\u00bbnone\u00bb row_border_radius_applies=\u00bbbg\u00bb overlay_strength=\u00bb0.3&#8243; gradient_direction=\u00bbleft_to_right\u00bb shape_divider_position=\u00bbbottom\u00bb bg_image_animation=\u00bbnone\u00bb][vc_column column_padding=\u00bbno-extra-padding\u00bb column_padding_tablet=\u00bbinherit\u00bb column_padding_phone=\u00bbinherit\u00bb column_padding_position=\u00bball\u00bb column_element_spacing=\u00bbdefault\u00bb background_color_opacity=\u00bb1&#8243; background_hover_color_opacity=\u00bb1&#8243; column_shadow=\u00bbnone\u00bb column_border_radius=\u00bbnone\u00bb column_link_target=\u00bb_self\u00bb gradient_direction=\u00bbleft_to_right\u00bb overlay_strength=\u00bb0.3&#8243; width=\u00bb1\/6&#8243; tablet_width_inherit=\u00bbdefault\u00bb&#8230;<\/p>\n","protected":false},"author":1,"featured_media":0,"parent":0,"menu_order":0,"comment_status":"closed","ping_status":"closed","template":"","meta":{"footnotes":""},"class_list":["post-2","page","type-page","status-publish"],"_links":{"self":[{"href":"http:\/\/dramongarcia.com\/index.php\/wp-json\/wp\/v2\/pages\/2","targetHints":{"allow":["GET"]}}],"collection":[{"href":"http:\/\/dramongarcia.com\/index.php\/wp-json\/wp\/v2\/pages"}],"about":[{"href":"http:\/\/dramongarcia.com\/index.php\/wp-json\/wp\/v2\/types\/page"}],"author":[{"embeddable":true,"href":"http:\/\/dramongarcia.com\/index.php\/wp-json\/wp\/v2\/users\/1"}],"replies":[{"embeddable":true,"href":"http:\/\/dramongarcia.com\/index.php\/wp-json\/wp\/v2\/comments?post=2"}],"version-history":[{"count":28,"href":"http:\/\/dramongarcia.com\/index.php\/wp-json\/wp\/v2\/pages\/2\/revisions"}],"predecessor-version":[{"id":269,"href":"http:\/\/dramongarcia.com\/index.php\/wp-json\/wp\/v2\/pages\/2\/revisions\/269"}],"wp:attachment":[{"href":"http:\/\/dramongarcia.com\/index.php\/wp-json\/wp\/v2\/media?parent=2"}],"curies":[{"name":"wp","href":"https:\/\/api.w.org\/{rel}","templated":true}]}}